{"id":6333,"date":"2020-12-31T13:48:40","date_gmt":"2020-12-31T12:48:40","guid":{"rendered":"https:\/\/www.artmonium.com\/?page_id=6333"},"modified":"2020-12-31T13:48:41","modified_gmt":"2020-12-31T12:48:41","slug":"the-brands","status":"publish","type":"page","link":"https:\/\/www.artmonium.com\/en\/the-brands\/","title":{"rendered":"The brands"},"content":{"rendered":"","protected":false},"excerpt":{"rendered":"","protected":false},"author":1,"featured_media":0,"parent":0,"menu_order":0,"comment_status":"closed","ping_status":"closed","template":"page-brands.php","meta":{"_editorskit_title_hidden":false,"_editorskit_reading_time":0},"yoast_head":"<!-- This site is optimized with the Yoast SEO plugin v16.1.1 - https:\/\/yoast.com\/wordpress\/plugins\/seo\/ -->\n<title>The brands - ArtMonium<\/title>\n<meta name=\"description\" content=\"Artmonium est une soci\u00e9t\u00e9 reconnue depuis plus de trente ans dans la distribution de lunettes de cr\u00e9ateurs et, depuis peu, de lunettes sous licence.\" \/>\n<link rel=\"canonical\" href=\"https:\/\/www.artmonium.com\/en\/the-brands\/\" \/>\n<meta property=\"og:locale\" content=\"en_US\" \/>\n<meta property=\"og:type\" content=\"article\" \/>\n<meta property=\"og:title\" content=\"The brands - ArtMonium\" \/>\n<meta property=\"og:description\" content=\"Artmonium est une soci\u00e9t\u00e9 reconnue depuis plus de trente ans dans la distribution de lunettes de cr\u00e9ateurs et, depuis peu, de lunettes sous licence.\" \/>\n<meta property=\"og:url\" content=\"https:\/\/www.artmonium.com\/en\/the-brands\/\" \/>\n<meta property=\"og:site_name\" content=\"ArtMonium\" \/>\n<meta property=\"article:modified_time\" content=\"2020-12-31T12:48:41+00:00\" \/>\n<meta name=\"twitter:card\" content=\"summary_large_image\" \/>\n<script type=\"application\/ld+json\" class=\"yoast-schema-graph\">{\"@context\":\"https:\/\/schema.org\",\"@graph\":[{\"@type\":\"WebSite\",\"@id\":\"https:\/\/www.artmonium.com\/#website\",\"url\":\"https:\/\/www.artmonium.com\/\",\"name\":\"ArtMonium\",\"description\":\"Lunettes ArtMonium\",\"potentialAction\":[{\"@type\":\"SearchAction\",\"target\":\"https:\/\/www.artmonium.com\/?s={search_term_string}\",\"query-input\":\"required name=search_term_string\"}],\"inLanguage\":\"en-US\"},{\"@type\":\"WebPage\",\"@id\":\"https:\/\/www.artmonium.com\/en\/the-brands\/#webpage\",\"url\":\"https:\/\/www.artmonium.com\/en\/the-brands\/\",\"name\":\"The brands - ArtMonium\",\"isPartOf\":{\"@id\":\"https:\/\/www.artmonium.com\/#website\"},\"datePublished\":\"2020-12-31T12:48:40+00:00\",\"dateModified\":\"2020-12-31T12:48:41+00:00\",\"description\":\"Artmonium est une soci\\u00e9t\\u00e9 reconnue depuis plus de trente ans dans la distribution de lunettes de cr\\u00e9ateurs et, depuis peu, de lunettes sous licence.\",\"breadcrumb\":{\"@id\":\"https:\/\/www.artmonium.com\/en\/the-brands\/#breadcrumb\"},\"inLanguage\":\"en-US\",\"potentialAction\":[{\"@type\":\"ReadAction\",\"target\":[\"https:\/\/www.artmonium.com\/en\/the-brands\/\"]}]},{\"@type\":\"BreadcrumbList\",\"@id\":\"https:\/\/www.artmonium.com\/en\/the-brands\/#breadcrumb\",\"itemListElement\":[{\"@type\":\"ListItem\",\"position\":1,\"item\":{\"@type\":\"WebPage\",\"@id\":\"https:\/\/www.artmonium.com\/en\/the-brands\/\",\"url\":\"https:\/\/www.artmonium.com\/en\/the-brands\/\",\"name\":\"The brands\"}}]}]}<\/script>\n<!-- \/ Yoast SEO plugin. -->","_links":{"self":[{"href":"https:\/\/www.artmonium.com\/en\/wp-json\/wp\/v2\/pages\/6333"}],"collection":[{"href":"https:\/\/www.artmonium.com\/en\/wp-json\/wp\/v2\/pages"}],"about":[{"href":"https:\/\/www.artmonium.com\/en\/wp-json\/wp\/v2\/types\/page"}],"author":[{"embeddable":true,"href":"https:\/\/www.artmonium.com\/en\/wp-json\/wp\/v2\/users\/1"}],"replies":[{"embeddable":true,"href":"https:\/\/www.artmonium.com\/en\/wp-json\/wp\/v2\/comments?post=6333"}],"version-history":[{"count":3,"href":"https:\/\/www.artmonium.com\/en\/wp-json\/wp\/v2\/pages\/6333\/revisions"}],"predecessor-version":[{"id":6336,"href":"https:\/\/www.artmonium.com\/en\/wp-json\/wp\/v2\/pages\/6333\/revisions\/6336"}],"wp:attachment":[{"href":"https:\/\/www.artmonium.com\/en\/wp-json\/wp\/v2\/media?parent=6333"}],"curies":[{"name":"wp","href":"https:\/\/api.w.org\/{rel}","templated":true}]}}