{"id":19285,"date":"2021-07-01T15:23:28","date_gmt":"2021-07-01T13:23:28","guid":{"rendered":"https:\/\/www.artmonium.com\/?post_type=product&#038;p=19285"},"modified":"2025-02-21T14:57:17","modified_gmt":"2025-02-21T13:57:17","slug":"artkentiel-341-col1","status":"publish","type":"product","link":"https:\/\/www.artmonium.com\/en\/boutique\/optique\/artkentiel-341-col1\/","title":{"rendered":"ART&#8217;KENTIEL 341 COL1"},"content":{"rendered":"<p>Monture en ac\u00e9tate.<br \/>\nForme pantos.<br \/>\nColoris jaune\/\u00e9caille.<\/p>\n<p>Nez \/ Calibre : 48<br \/>\nTaille du Pont : 20<br \/>\nLongueur de Branches : 140<\/p>\n","protected":false},"excerpt":{"rendered":"<p>Monture en ac\u00e9tate. Forme pantos. Coloris jaune\/\u00e9caille. Nez \/ Calibre : 48 Taille du Pont : 20 Longueur de Branches : 140<\/p>\n","protected":false},"featured_media":19286,"template":"","meta":{"_editorskit_title_hidden":false,"_editorskit_reading_time":0},"brands":[{"id":37,"name":"Art'kentiel","slug":"artkentiel"}],"yoast_head":"<!-- This site is optimized with the Yoast SEO plugin v16.1.1 - https:\/\/yoast.com\/wordpress\/plugins\/seo\/ -->\n<title>ART&#039;KENTIEL 341 COL1 - ArtMonium<\/title>\n<meta name=\"description\" content=\"Artmonium est une soci\u00e9t\u00e9 reconnue depuis plus de trente ans dans la distribution de lunettes de cr\u00e9ateurs et, depuis peu, de lunettes sous licence.\" \/>\n<link rel=\"canonical\" href=\"https:\/\/www.artmonium.com\/en\/boutique\/optique\/artkentiel-341-col1\/\" \/>\n<meta property=\"og:locale\" content=\"en_US\" \/>\n<meta property=\"og:type\" content=\"article\" \/>\n<meta property=\"og:title\" content=\"ART&#039;KENTIEL 341 COL1 - ArtMonium\" \/>\n<meta property=\"og:description\" content=\"Artmonium est une soci\u00e9t\u00e9 reconnue depuis plus de trente ans dans la distribution de lunettes de cr\u00e9ateurs et, depuis peu, de lunettes sous licence.\" \/>\n<meta property=\"og:url\" content=\"https:\/\/www.artmonium.com\/boutique\/optique\/artkentiel-341-col1\/\" \/>\n<meta property=\"og:site_name\" content=\"ArtMonium\" \/>\n<meta property=\"article:modified_time\" content=\"2025-02-21T13:57:17+00:00\" \/>\n<meta property=\"og:image\" content=\"https:\/\/www.artmonium.com\/wp-content\/uploads\/2021\/07\/341-COL1.jpg\" \/>\n\t<meta property=\"og:image:width\" content=\"500\" \/>\n\t<meta property=\"og:image:height\" content=\"500\" \/>\n<meta name=\"twitter:card\" content=\"summary_large_image\" \/>\n<meta name=\"twitter:label1\" content=\"Est. reading time\">\n\t<meta name=\"twitter:data1\" content=\"1 minute\">\n<script type=\"application\/ld+json\" class=\"yoast-schema-graph\">{\"@context\":\"https:\/\/schema.org\",\"@graph\":[{\"@type\":\"WebSite\",\"@id\":\"https:\/\/www.artmonium.com\/#website\",\"url\":\"https:\/\/www.artmonium.com\/\",\"name\":\"ArtMonium\",\"description\":\"Lunettes ArtMonium\",\"potentialAction\":[{\"@type\":\"SearchAction\",\"target\":\"https:\/\/www.artmonium.com\/?s={search_term_string}\",\"query-input\":\"required name=search_term_string\"}],\"inLanguage\":\"en-US\"},{\"@type\":\"ImageObject\",\"@id\":\"https:\/\/www.artmonium.com\/boutique\/optique\/artkentiel-341-col1\/#primaryimage\",\"inLanguage\":\"en-US\",\"url\":\"https:\/\/www.artmonium.com\/wp-content\/uploads\/2021\/07\/341-COL1.jpg\",\"contentUrl\":\"https:\/\/www.artmonium.com\/wp-content\/uploads\/2021\/07\/341-COL1.jpg\",\"width\":500,\"height\":500},{\"@type\":\"WebPage\",\"@id\":\"https:\/\/www.artmonium.com\/boutique\/optique\/artkentiel-341-col1\/#webpage\",\"url\":\"https:\/\/www.artmonium.com\/boutique\/optique\/artkentiel-341-col1\/\",\"name\":\"ART'KENTIEL 341 COL1 - ArtMonium\",\"isPartOf\":{\"@id\":\"https:\/\/www.artmonium.com\/#website\"},\"primaryImageOfPage\":{\"@id\":\"https:\/\/www.artmonium.com\/boutique\/optique\/artkentiel-341-col1\/#primaryimage\"},\"datePublished\":\"2021-07-01T13:23:28+00:00\",\"dateModified\":\"2025-02-21T13:57:17+00:00\",\"description\":\"Artmonium est une soci\\u00e9t\\u00e9 reconnue depuis plus de trente ans dans la distribution de lunettes de cr\\u00e9ateurs et, depuis peu, de lunettes sous licence.\",\"breadcrumb\":{\"@id\":\"https:\/\/www.artmonium.com\/boutique\/optique\/artkentiel-341-col1\/#breadcrumb\"},\"inLanguage\":\"en-US\",\"potentialAction\":[{\"@type\":\"ReadAction\",\"target\":[\"https:\/\/www.artmonium.com\/boutique\/optique\/artkentiel-341-col1\/\"]}]},{\"@type\":\"BreadcrumbList\",\"@id\":\"https:\/\/www.artmonium.com\/boutique\/optique\/artkentiel-341-col1\/#breadcrumb\",\"itemListElement\":[{\"@type\":\"ListItem\",\"position\":1,\"item\":{\"@type\":\"WebPage\",\"@id\":\"https:\/\/www.artmonium.com\/en\/shop\/\",\"url\":\"https:\/\/www.artmonium.com\/en\/shop\/\",\"name\":\"Shop\"}},{\"@type\":\"ListItem\",\"position\":2,\"item\":{\"@type\":\"WebPage\",\"@id\":\"https:\/\/www.artmonium.com\/boutique\/optique\/artkentiel-341-col1\/\",\"url\":\"https:\/\/www.artmonium.com\/boutique\/optique\/artkentiel-341-col1\/\",\"name\":\"ART&rsquo;KENTIEL 341 COL1\"}}]}]}<\/script>\n<!-- \/ Yoast SEO plugin. -->","_links":{"self":[{"href":"https:\/\/www.artmonium.com\/en\/wp-json\/wp\/v2\/product\/19285"}],"collection":[{"href":"https:\/\/www.artmonium.com\/en\/wp-json\/wp\/v2\/product"}],"about":[{"href":"https:\/\/www.artmonium.com\/en\/wp-json\/wp\/v2\/types\/product"}],"wp:featuredmedia":[{"embeddable":true,"href":"https:\/\/www.artmonium.com\/en\/wp-json\/wp\/v2\/media\/19286"}],"wp:attachment":[{"href":"https:\/\/www.artmonium.com\/en\/wp-json\/wp\/v2\/media?parent=19285"}],"curies":[{"name":"wp","href":"https:\/\/api.w.org\/{rel}","templated":true}]}}