{"id":43798,"date":"2022-10-07T17:03:00","date_gmt":"2022-10-07T15:03:00","guid":{"rendered":"https:\/\/www.artmonium.com\/?post_type=product&#038;p=43798"},"modified":"2022-10-07T17:03:23","modified_gmt":"2022-10-07T15:03:23","slug":"fju-2208-bldo-face","status":"publish","type":"product","link":"https:\/\/www.artmonium.com\/en\/boutique\/sav-en\/fju-2208-bldo-face\/","title":{"rendered":"FJU 2208 BLDO FACE"},"content":{"rendered":"<p>FESTINA JUNIOR 2208 BLEU \/ DORE Face<\/p>\n","protected":false},"excerpt":{"rendered":"<p>FESTINA JUNIOR 2208 BLEU \/ DORE Face<\/p>\n","protected":false},"featured_media":0,"template":"","meta":{"_editorskit_title_hidden":false,"_editorskit_reading_time":0},"brands":[],"yoast_head":"<!-- This site is optimized with the Yoast SEO plugin v16.1.1 - https:\/\/yoast.com\/wordpress\/plugins\/seo\/ -->\n<title>FJU 2208 BLDO FACE - ArtMonium<\/title>\n<meta name=\"description\" content=\"Artmonium est une soci\u00e9t\u00e9 reconnue depuis plus de trente ans dans la distribution de lunettes de cr\u00e9ateurs et, depuis peu, de lunettes sous licence.\" \/>\n<link rel=\"canonical\" href=\"https:\/\/www.artmonium.com\/en\/boutique\/sav\/fju-2208-bldo-face\/\" \/>\n<meta property=\"og:locale\" content=\"en_US\" \/>\n<meta property=\"og:type\" content=\"article\" \/>\n<meta property=\"og:title\" content=\"FJU 2208 BLDO FACE - ArtMonium\" \/>\n<meta property=\"og:description\" content=\"Artmonium est une soci\u00e9t\u00e9 reconnue depuis plus de trente ans dans la distribution de lunettes de cr\u00e9ateurs et, depuis peu, de lunettes sous licence.\" \/>\n<meta property=\"og:url\" content=\"https:\/\/www.artmonium.com\/boutique\/sav\/fju-2208-bldo-face\/\" \/>\n<meta property=\"og:site_name\" content=\"ArtMonium\" \/>\n<meta property=\"article:modified_time\" content=\"2022-10-07T15:03:23+00:00\" \/>\n<meta name=\"twitter:card\" content=\"summary_large_image\" \/>\n<meta name=\"twitter:label1\" content=\"Est. reading time\">\n\t<meta name=\"twitter:data1\" content=\"1 minute\">\n<script type=\"application\/ld+json\" class=\"yoast-schema-graph\">{\"@context\":\"https:\/\/schema.org\",\"@graph\":[{\"@type\":\"WebSite\",\"@id\":\"https:\/\/www.artmonium.com\/#website\",\"url\":\"https:\/\/www.artmonium.com\/\",\"name\":\"ArtMonium\",\"description\":\"Lunettes ArtMonium\",\"potentialAction\":[{\"@type\":\"SearchAction\",\"target\":\"https:\/\/www.artmonium.com\/?s={search_term_string}\",\"query-input\":\"required name=search_term_string\"}],\"inLanguage\":\"en-US\"},{\"@type\":\"WebPage\",\"@id\":\"https:\/\/www.artmonium.com\/boutique\/sav\/fju-2208-bldo-face\/#webpage\",\"url\":\"https:\/\/www.artmonium.com\/boutique\/sav\/fju-2208-bldo-face\/\",\"name\":\"FJU 2208 BLDO FACE - ArtMonium\",\"isPartOf\":{\"@id\":\"https:\/\/www.artmonium.com\/#website\"},\"datePublished\":\"2022-10-07T15:03:00+00:00\",\"dateModified\":\"2022-10-07T15:03:23+00:00\",\"description\":\"Artmonium est une soci\\u00e9t\\u00e9 reconnue depuis plus de trente ans dans la distribution de lunettes de cr\\u00e9ateurs et, depuis peu, de lunettes sous licence.\",\"breadcrumb\":{\"@id\":\"https:\/\/www.artmonium.com\/boutique\/sav\/fju-2208-bldo-face\/#breadcrumb\"},\"inLanguage\":\"en-US\",\"potentialAction\":[{\"@type\":\"ReadAction\",\"target\":[\"https:\/\/www.artmonium.com\/boutique\/sav\/fju-2208-bldo-face\/\"]}]},{\"@type\":\"BreadcrumbList\",\"@id\":\"https:\/\/www.artmonium.com\/boutique\/sav\/fju-2208-bldo-face\/#breadcrumb\",\"itemListElement\":[{\"@type\":\"ListItem\",\"position\":1,\"item\":{\"@type\":\"WebPage\",\"@id\":\"https:\/\/www.artmonium.com\/en\/shop\/\",\"url\":\"https:\/\/www.artmonium.com\/en\/shop\/\",\"name\":\"Shop\"}},{\"@type\":\"ListItem\",\"position\":2,\"item\":{\"@type\":\"WebPage\",\"@id\":\"https:\/\/www.artmonium.com\/boutique\/sav\/fju-2208-bldo-face\/\",\"url\":\"https:\/\/www.artmonium.com\/boutique\/sav\/fju-2208-bldo-face\/\",\"name\":\"FJU 2208 BLDO FACE\"}}]}]}<\/script>\n<!-- \/ Yoast SEO plugin. -->","_links":{"self":[{"href":"https:\/\/www.artmonium.com\/en\/wp-json\/wp\/v2\/product\/43798"}],"collection":[{"href":"https:\/\/www.artmonium.com\/en\/wp-json\/wp\/v2\/product"}],"about":[{"href":"https:\/\/www.artmonium.com\/en\/wp-json\/wp\/v2\/types\/product"}],"wp:attachment":[{"href":"https:\/\/www.artmonium.com\/en\/wp-json\/wp\/v2\/media?parent=43798"}],"curies":[{"name":"wp","href":"https:\/\/api.w.org\/{rel}","templated":true}]}}