{"id":60571,"date":"2023-10-16T09:00:16","date_gmt":"2023-10-16T07:00:16","guid":{"rendered":"https:\/\/www.artmonium.com\/?post_type=product&#038;p=60571"},"modified":"2025-02-14T10:18:37","modified_gmt":"2025-02-14T09:18:37","slug":"noah-col1","status":"publish","type":"product","link":"https:\/\/www.artmonium.com\/en\/boutique\/optique\/noah-col1\/","title":{"rendered":"NOAH COL1"},"content":{"rendered":"<p>Monture Ac\u00e9tate \/ M\u00e9tal<br \/>\nNez \/ Calibre : 50<br \/>\nTaille du Pont : 19<br \/>\nLongueur de Branche : 140<\/p>\n","protected":false},"excerpt":{"rendered":"<p>Monture Ac\u00e9tate \/ M\u00e9tal Nez \/ Calibre : 50 Taille du Pont : 19 Longueur de Branche : 140<\/p>\n","protected":false},"featured_media":60572,"template":"","meta":{"_editorskit_title_hidden":false,"_editorskit_reading_time":0},"brands":[{"id":95,"name":"I-man","slug":"i-man"}],"yoast_head":"<!-- This site is optimized with the Yoast SEO plugin v16.1.1 - https:\/\/yoast.com\/wordpress\/plugins\/seo\/ -->\n<title>NOAH COL1 - ArtMonium<\/title>\n<meta name=\"description\" content=\"Artmonium est une soci\u00e9t\u00e9 reconnue depuis plus de trente ans dans la distribution de lunettes de cr\u00e9ateurs et, depuis peu, de lunettes sous licence.\" \/>\n<link rel=\"canonical\" href=\"https:\/\/www.artmonium.com\/en\/boutique\/optique\/noah-col1\/\" \/>\n<meta property=\"og:locale\" content=\"en_US\" \/>\n<meta property=\"og:type\" content=\"article\" \/>\n<meta property=\"og:title\" content=\"NOAH COL1 - ArtMonium\" \/>\n<meta property=\"og:description\" content=\"Artmonium est une soci\u00e9t\u00e9 reconnue depuis plus de trente ans dans la distribution de lunettes de cr\u00e9ateurs et, depuis peu, de lunettes sous licence.\" \/>\n<meta property=\"og:url\" content=\"https:\/\/www.artmonium.com\/boutique\/optique\/noah-col1\/\" \/>\n<meta property=\"og:site_name\" content=\"ArtMonium\" \/>\n<meta property=\"article:modified_time\" content=\"2025-02-14T09:18:37+00:00\" \/>\n<meta property=\"og:image\" content=\"https:\/\/www.artmonium.com\/wp-content\/uploads\/2023\/10\/noah-c1.jpg\" \/>\n\t<meta property=\"og:image:width\" content=\"2364\" \/>\n\t<meta property=\"og:image:height\" content=\"1256\" \/>\n<meta name=\"twitter:card\" content=\"summary_large_image\" \/>\n<meta name=\"twitter:label1\" content=\"Est. reading time\">\n\t<meta name=\"twitter:data1\" content=\"1 minute\">\n<script type=\"application\/ld+json\" class=\"yoast-schema-graph\">{\"@context\":\"https:\/\/schema.org\",\"@graph\":[{\"@type\":\"WebSite\",\"@id\":\"https:\/\/www.artmonium.com\/#website\",\"url\":\"https:\/\/www.artmonium.com\/\",\"name\":\"ArtMonium\",\"description\":\"Lunettes ArtMonium\",\"potentialAction\":[{\"@type\":\"SearchAction\",\"target\":\"https:\/\/www.artmonium.com\/?s={search_term_string}\",\"query-input\":\"required name=search_term_string\"}],\"inLanguage\":\"en-US\"},{\"@type\":\"ImageObject\",\"@id\":\"https:\/\/www.artmonium.com\/boutique\/optique\/noah-col1\/#primaryimage\",\"inLanguage\":\"en-US\",\"url\":\"https:\/\/www.artmonium.com\/wp-content\/uploads\/2023\/10\/noah-c1.jpg\",\"contentUrl\":\"https:\/\/www.artmonium.com\/wp-content\/uploads\/2023\/10\/noah-c1.jpg\",\"width\":2364,\"height\":1256},{\"@type\":\"WebPage\",\"@id\":\"https:\/\/www.artmonium.com\/boutique\/optique\/noah-col1\/#webpage\",\"url\":\"https:\/\/www.artmonium.com\/boutique\/optique\/noah-col1\/\",\"name\":\"NOAH COL1 - ArtMonium\",\"isPartOf\":{\"@id\":\"https:\/\/www.artmonium.com\/#website\"},\"primaryImageOfPage\":{\"@id\":\"https:\/\/www.artmonium.com\/boutique\/optique\/noah-col1\/#primaryimage\"},\"datePublished\":\"2023-10-16T07:00:16+00:00\",\"dateModified\":\"2025-02-14T09:18:37+00:00\",\"description\":\"Artmonium est une soci\\u00e9t\\u00e9 reconnue depuis plus de trente ans dans la distribution de lunettes de cr\\u00e9ateurs et, depuis peu, de lunettes sous licence.\",\"breadcrumb\":{\"@id\":\"https:\/\/www.artmonium.com\/boutique\/optique\/noah-col1\/#breadcrumb\"},\"inLanguage\":\"en-US\",\"potentialAction\":[{\"@type\":\"ReadAction\",\"target\":[\"https:\/\/www.artmonium.com\/boutique\/optique\/noah-col1\/\"]}]},{\"@type\":\"BreadcrumbList\",\"@id\":\"https:\/\/www.artmonium.com\/boutique\/optique\/noah-col1\/#breadcrumb\",\"itemListElement\":[{\"@type\":\"ListItem\",\"position\":1,\"item\":{\"@type\":\"WebPage\",\"@id\":\"https:\/\/www.artmonium.com\/en\/shop\/\",\"url\":\"https:\/\/www.artmonium.com\/en\/shop\/\",\"name\":\"Shop\"}},{\"@type\":\"ListItem\",\"position\":2,\"item\":{\"@type\":\"WebPage\",\"@id\":\"https:\/\/www.artmonium.com\/boutique\/optique\/noah-col1\/\",\"url\":\"https:\/\/www.artmonium.com\/boutique\/optique\/noah-col1\/\",\"name\":\"NOAH COL1\"}}]}]}<\/script>\n<!-- \/ Yoast SEO plugin. -->","_links":{"self":[{"href":"https:\/\/www.artmonium.com\/en\/wp-json\/wp\/v2\/product\/60571"}],"collection":[{"href":"https:\/\/www.artmonium.com\/en\/wp-json\/wp\/v2\/product"}],"about":[{"href":"https:\/\/www.artmonium.com\/en\/wp-json\/wp\/v2\/types\/product"}],"wp:featuredmedia":[{"embeddable":true,"href":"https:\/\/www.artmonium.com\/en\/wp-json\/wp\/v2\/media\/60572"}],"wp:attachment":[{"href":"https:\/\/www.artmonium.com\/en\/wp-json\/wp\/v2\/media?parent=60571"}],"curies":[{"name":"wp","href":"https:\/\/api.w.org\/{rel}","templated":true}]}}