{"id":64504,"date":"2024-02-21T17:05:09","date_gmt":"2024-02-21T16:05:09","guid":{"rendered":"https:\/\/www.artmonium.com\/?post_type=product&#038;p=64504"},"modified":"2025-02-25T14:56:17","modified_gmt":"2025-02-25T13:56:17","slug":"rigel-col6-optique","status":"publish","type":"product","link":"https:\/\/www.artmonium.com\/en\/boutique\/solaire\/rigel-col6-optique\/","title":{"rendered":"RIGEL COL6 SOLAIRE"},"content":{"rendered":"<p>X-IDE NEW GENERATION RIGEL COL6<\/p>\n<p>Monture Solaire Ac\u00e9tate<br \/>\n<strong><span style=\"color: #0000ff;\">Disponible en Optique<\/span><\/strong><br \/>\nNez \/ Calibre : 45<br \/>\nTaille du Pont : 20<br \/>\nLongueur de Branche : 145<\/p>\n","protected":false},"excerpt":{"rendered":"<p>X-IDE NEW GENERATION RIGEL COL6 Monture Solaire Ac\u00e9tate Disponible en Optique Nez \/ Calibre : 45 Taille du Pont : 20 Longueur de Branche : 145<\/p>\n","protected":false},"featured_media":64505,"template":"","meta":{"_editorskit_title_hidden":false,"_editorskit_reading_time":0},"brands":[{"id":97,"name":"X-ide New G\u00e9n\u00e9ration","slug":"x-ide-new-generation"}],"yoast_head":"<!-- This site is optimized with the Yoast SEO plugin v16.1.1 - https:\/\/yoast.com\/wordpress\/plugins\/seo\/ -->\n<title>RIGEL COL6 SOLAIRE - ArtMonium<\/title>\n<meta name=\"description\" content=\"Artmonium est une soci\u00e9t\u00e9 reconnue depuis plus de trente ans dans la distribution de lunettes de cr\u00e9ateurs et, depuis peu, de lunettes sous licence.\" \/>\n<link rel=\"canonical\" href=\"https:\/\/www.artmonium.com\/en\/boutique\/solaire\/rigel-col6-optique\/\" \/>\n<meta property=\"og:locale\" content=\"en_US\" \/>\n<meta property=\"og:type\" content=\"article\" \/>\n<meta property=\"og:title\" content=\"RIGEL COL6 SOLAIRE - ArtMonium\" \/>\n<meta property=\"og:description\" content=\"Artmonium est une soci\u00e9t\u00e9 reconnue depuis plus de trente ans dans la distribution de lunettes de cr\u00e9ateurs et, depuis peu, de lunettes sous licence.\" \/>\n<meta property=\"og:url\" content=\"https:\/\/www.artmonium.com\/boutique\/solaire\/rigel-col6-optique\/\" \/>\n<meta property=\"og:site_name\" content=\"ArtMonium\" \/>\n<meta property=\"article:modified_time\" content=\"2025-02-25T13:56:17+00:00\" \/>\n<meta property=\"og:image\" content=\"https:\/\/www.artmonium.com\/wp-content\/uploads\/2024\/02\/rigel-c6.jpg\" \/>\n\t<meta property=\"og:image:width\" content=\"1280\" \/>\n\t<meta property=\"og:image:height\" content=\"1280\" \/>\n<meta name=\"twitter:card\" content=\"summary_large_image\" \/>\n<meta name=\"twitter:label1\" content=\"Est. reading time\">\n\t<meta name=\"twitter:data1\" content=\"1 minute\">\n<script type=\"application\/ld+json\" class=\"yoast-schema-graph\">{\"@context\":\"https:\/\/schema.org\",\"@graph\":[{\"@type\":\"WebSite\",\"@id\":\"https:\/\/www.artmonium.com\/#website\",\"url\":\"https:\/\/www.artmonium.com\/\",\"name\":\"ArtMonium\",\"description\":\"Lunettes ArtMonium\",\"potentialAction\":[{\"@type\":\"SearchAction\",\"target\":\"https:\/\/www.artmonium.com\/?s={search_term_string}\",\"query-input\":\"required name=search_term_string\"}],\"inLanguage\":\"en-US\"},{\"@type\":\"ImageObject\",\"@id\":\"https:\/\/www.artmonium.com\/boutique\/solaire\/rigel-col6-optique\/#primaryimage\",\"inLanguage\":\"en-US\",\"url\":\"https:\/\/www.artmonium.com\/wp-content\/uploads\/2024\/02\/rigel-c6.jpg\",\"contentUrl\":\"https:\/\/www.artmonium.com\/wp-content\/uploads\/2024\/02\/rigel-c6.jpg\",\"width\":1280,\"height\":1280},{\"@type\":\"WebPage\",\"@id\":\"https:\/\/www.artmonium.com\/boutique\/solaire\/rigel-col6-optique\/#webpage\",\"url\":\"https:\/\/www.artmonium.com\/boutique\/solaire\/rigel-col6-optique\/\",\"name\":\"RIGEL COL6 SOLAIRE - ArtMonium\",\"isPartOf\":{\"@id\":\"https:\/\/www.artmonium.com\/#website\"},\"primaryImageOfPage\":{\"@id\":\"https:\/\/www.artmonium.com\/boutique\/solaire\/rigel-col6-optique\/#primaryimage\"},\"datePublished\":\"2024-02-21T16:05:09+00:00\",\"dateModified\":\"2025-02-25T13:56:17+00:00\",\"description\":\"Artmonium est une soci\\u00e9t\\u00e9 reconnue depuis plus de trente ans dans la distribution de lunettes de cr\\u00e9ateurs et, depuis peu, de lunettes sous licence.\",\"breadcrumb\":{\"@id\":\"https:\/\/www.artmonium.com\/boutique\/solaire\/rigel-col6-optique\/#breadcrumb\"},\"inLanguage\":\"en-US\",\"potentialAction\":[{\"@type\":\"ReadAction\",\"target\":[\"https:\/\/www.artmonium.com\/boutique\/solaire\/rigel-col6-optique\/\"]}]},{\"@type\":\"BreadcrumbList\",\"@id\":\"https:\/\/www.artmonium.com\/boutique\/solaire\/rigel-col6-optique\/#breadcrumb\",\"itemListElement\":[{\"@type\":\"ListItem\",\"position\":1,\"item\":{\"@type\":\"WebPage\",\"@id\":\"https:\/\/www.artmonium.com\/en\/shop\/\",\"url\":\"https:\/\/www.artmonium.com\/en\/shop\/\",\"name\":\"Shop\"}},{\"@type\":\"ListItem\",\"position\":2,\"item\":{\"@type\":\"WebPage\",\"@id\":\"https:\/\/www.artmonium.com\/boutique\/solaire\/rigel-col6-optique\/\",\"url\":\"https:\/\/www.artmonium.com\/boutique\/solaire\/rigel-col6-optique\/\",\"name\":\"RIGEL COL6 SOLAIRE\"}}]}]}<\/script>\n<!-- \/ Yoast SEO plugin. -->","_links":{"self":[{"href":"https:\/\/www.artmonium.com\/en\/wp-json\/wp\/v2\/product\/64504"}],"collection":[{"href":"https:\/\/www.artmonium.com\/en\/wp-json\/wp\/v2\/product"}],"about":[{"href":"https:\/\/www.artmonium.com\/en\/wp-json\/wp\/v2\/types\/product"}],"wp:featuredmedia":[{"embeddable":true,"href":"https:\/\/www.artmonium.com\/en\/wp-json\/wp\/v2\/media\/64505"}],"wp:attachment":[{"href":"https:\/\/www.artmonium.com\/en\/wp-json\/wp\/v2\/media?parent=64504"}],"curies":[{"name":"wp","href":"https:\/\/api.w.org\/{rel}","templated":true}]}}