{"id":7294,"date":"2021-02-09T14:25:18","date_gmt":"2021-02-09T13:25:18","guid":{"rendered":"https:\/\/www.artmonium.com\/boutique\/non%20class\u00e9\/evatik-9180-col988\/"},"modified":"2025-03-11T17:19:33","modified_gmt":"2025-03-11T16:19:33","slug":"evatik-9180-col988","status":"publish","type":"product","link":"https:\/\/www.artmonium.com\/en\/boutique\/destockage\/evatik-9180-col988\/","title":{"rendered":"EVATIK 9180 COL988"},"content":{"rendered":"<p>Taille du pont : 19<br \/>\nLongueur de branche : 135<br \/>\nTaille du verre emboit\u00e9 : 59<br \/>\nMati\u00e8re : Plastic<\/p>\n","protected":false},"excerpt":{"rendered":"<p>Taille du pont : 19 Longueur de branche : 135 Taille du verre emboit\u00e9 : 59 Mati\u00e8re : Plastic<\/p>\n","protected":false},"featured_media":6955,"template":"","meta":{"_editorskit_title_hidden":false,"_editorskit_reading_time":0},"brands":[{"id":36,"name":"Evatik","slug":"evatik"}],"yoast_head":"<!-- This site is optimized with the Yoast SEO plugin v16.1.1 - https:\/\/yoast.com\/wordpress\/plugins\/seo\/ -->\n<title>EVATIK 9180 COL988 - ArtMonium<\/title>\n<meta name=\"description\" content=\"Artmonium est une soci\u00e9t\u00e9 reconnue depuis plus de trente ans dans la distribution de lunettes de cr\u00e9ateurs et, depuis peu, de lunettes sous licence.\" \/>\n<link rel=\"canonical\" href=\"https:\/\/www.artmonium.com\/en\/boutique\/destockage\/evatik-9180-col988\/\" \/>\n<meta property=\"og:locale\" content=\"en_US\" \/>\n<meta property=\"og:type\" content=\"article\" \/>\n<meta property=\"og:title\" content=\"EVATIK 9180 COL988 - ArtMonium\" \/>\n<meta property=\"og:description\" content=\"Artmonium est une soci\u00e9t\u00e9 reconnue depuis plus de trente ans dans la distribution de lunettes de cr\u00e9ateurs et, depuis peu, de lunettes sous licence.\" \/>\n<meta property=\"og:url\" content=\"https:\/\/www.artmonium.com\/boutique\/destockage\/evatik-9180-col988\/\" \/>\n<meta property=\"og:site_name\" content=\"ArtMonium\" \/>\n<meta property=\"article:modified_time\" content=\"2025-03-11T16:19:33+00:00\" \/>\n<meta property=\"og:image\" content=\"https:\/\/www.artmonium.com\/wp-content\/uploads\/2021\/02\/E-9180-988.jpg\" \/>\n\t<meta property=\"og:image:width\" content=\"500\" \/>\n\t<meta property=\"og:image:height\" content=\"500\" \/>\n<meta name=\"twitter:card\" content=\"summary_large_image\" \/>\n<script type=\"application\/ld+json\" class=\"yoast-schema-graph\">{\"@context\":\"https:\/\/schema.org\",\"@graph\":[{\"@type\":\"WebSite\",\"@id\":\"https:\/\/www.artmonium.com\/#website\",\"url\":\"https:\/\/www.artmonium.com\/\",\"name\":\"ArtMonium\",\"description\":\"Lunettes ArtMonium\",\"potentialAction\":[{\"@type\":\"SearchAction\",\"target\":\"https:\/\/www.artmonium.com\/?s={search_term_string}\",\"query-input\":\"required name=search_term_string\"}],\"inLanguage\":\"en-US\"},{\"@type\":\"ImageObject\",\"@id\":\"https:\/\/www.artmonium.com\/boutique\/destockage\/evatik-9180-col988\/#primaryimage\",\"inLanguage\":\"en-US\",\"url\":\"https:\/\/www.artmonium.com\/wp-content\/uploads\/2021\/02\/E-9180-988.jpg\",\"contentUrl\":\"https:\/\/www.artmonium.com\/wp-content\/uploads\/2021\/02\/E-9180-988.jpg\",\"width\":500,\"height\":500},{\"@type\":\"WebPage\",\"@id\":\"https:\/\/www.artmonium.com\/boutique\/destockage\/evatik-9180-col988\/#webpage\",\"url\":\"https:\/\/www.artmonium.com\/boutique\/destockage\/evatik-9180-col988\/\",\"name\":\"EVATIK 9180 COL988 - ArtMonium\",\"isPartOf\":{\"@id\":\"https:\/\/www.artmonium.com\/#website\"},\"primaryImageOfPage\":{\"@id\":\"https:\/\/www.artmonium.com\/boutique\/destockage\/evatik-9180-col988\/#primaryimage\"},\"datePublished\":\"2021-02-09T13:25:18+00:00\",\"dateModified\":\"2025-03-11T16:19:33+00:00\",\"description\":\"Artmonium est une soci\\u00e9t\\u00e9 reconnue depuis plus de trente ans dans la distribution de lunettes de cr\\u00e9ateurs et, depuis peu, de lunettes sous licence.\",\"breadcrumb\":{\"@id\":\"https:\/\/www.artmonium.com\/boutique\/destockage\/evatik-9180-col988\/#breadcrumb\"},\"inLanguage\":\"en-US\",\"potentialAction\":[{\"@type\":\"ReadAction\",\"target\":[\"https:\/\/www.artmonium.com\/boutique\/destockage\/evatik-9180-col988\/\"]}]},{\"@type\":\"BreadcrumbList\",\"@id\":\"https:\/\/www.artmonium.com\/boutique\/destockage\/evatik-9180-col988\/#breadcrumb\",\"itemListElement\":[{\"@type\":\"ListItem\",\"position\":1,\"item\":{\"@type\":\"WebPage\",\"@id\":\"https:\/\/www.artmonium.com\/en\/shop\/\",\"url\":\"https:\/\/www.artmonium.com\/en\/shop\/\",\"name\":\"Shop\"}},{\"@type\":\"ListItem\",\"position\":2,\"item\":{\"@type\":\"WebPage\",\"@id\":\"https:\/\/www.artmonium.com\/boutique\/destockage\/evatik-9180-col988\/\",\"url\":\"https:\/\/www.artmonium.com\/boutique\/destockage\/evatik-9180-col988\/\",\"name\":\"EVATIK 9180 COL988\"}}]}]}<\/script>\n<!-- \/ Yoast SEO plugin. -->","_links":{"self":[{"href":"https:\/\/www.artmonium.com\/en\/wp-json\/wp\/v2\/product\/7294"}],"collection":[{"href":"https:\/\/www.artmonium.com\/en\/wp-json\/wp\/v2\/product"}],"about":[{"href":"https:\/\/www.artmonium.com\/en\/wp-json\/wp\/v2\/types\/product"}],"wp:featuredmedia":[{"embeddable":true,"href":"https:\/\/www.artmonium.com\/en\/wp-json\/wp\/v2\/media\/6955"}],"wp:attachment":[{"href":"https:\/\/www.artmonium.com\/en\/wp-json\/wp\/v2\/media?parent=7294"}],"curies":[{"name":"wp","href":"https:\/\/api.w.org\/{rel}","templated":true}]}}