{"id":7935,"date":"2021-02-09T16:51:34","date_gmt":"2021-02-09T15:51:34","guid":{"rendered":"https:\/\/www.artmonium.com\/boutique\/non%20class\u00e9\/artkentiel-292-col3-monture-complete\/"},"modified":"2021-02-09T16:51:36","modified_gmt":"2021-02-09T15:51:36","slug":"artkentiel-292-col3-monture-complete","status":"publish","type":"product","link":"https:\/\/www.artmonium.com\/en\/boutique\/sav-en\/artkentiel-292-col3-monture-complete\/","title":{"rendered":"ART&#8217;KENTIEL 292 COL3 Monture compl\u00e8te"},"content":{"rendered":"<p>ART&#8217;KENTIEL 292 COL3 Monture compl\u00e8te<\/p>\n","protected":false},"excerpt":{"rendered":"<p>ART&#8217;KENTIEL 292 COL3 Monture compl\u00e8te<\/p>\n","protected":false},"featured_media":0,"template":"","meta":{"_editorskit_title_hidden":false,"_editorskit_reading_time":0},"brands":[],"yoast_head":"<!-- This site is optimized with the Yoast SEO plugin v16.1.1 - https:\/\/yoast.com\/wordpress\/plugins\/seo\/ -->\n<title>ART&#039;KENTIEL 292 COL3 Monture compl\u00e8te - ArtMonium<\/title>\n<meta name=\"description\" content=\"Artmonium est une soci\u00e9t\u00e9 reconnue depuis plus de trente ans dans la distribution de lunettes de cr\u00e9ateurs et, depuis peu, de lunettes sous licence.\" \/>\n<link rel=\"canonical\" href=\"https:\/\/www.artmonium.com\/en\/boutique\/sav-en\/artkentiel-292-col3-monture-complete\/\" \/>\n<meta property=\"og:locale\" content=\"en_US\" \/>\n<meta property=\"og:type\" content=\"article\" \/>\n<meta property=\"og:title\" content=\"ART&#039;KENTIEL 292 COL3 Monture compl\u00e8te - ArtMonium\" \/>\n<meta property=\"og:description\" content=\"Artmonium est une soci\u00e9t\u00e9 reconnue depuis plus de trente ans dans la distribution de lunettes de cr\u00e9ateurs et, depuis peu, de lunettes sous licence.\" \/>\n<meta property=\"og:url\" content=\"https:\/\/www.artmonium.com\/en\/boutique\/sav-en\/artkentiel-292-col3-monture-complete\/\" \/>\n<meta property=\"og:site_name\" content=\"ArtMonium\" \/>\n<meta property=\"article:modified_time\" content=\"2021-02-09T15:51:36+00:00\" \/>\n<meta name=\"twitter:card\" content=\"summary_large_image\" \/>\n<script type=\"application\/ld+json\" class=\"yoast-schema-graph\">{\"@context\":\"https:\/\/schema.org\",\"@graph\":[{\"@type\":\"WebSite\",\"@id\":\"https:\/\/www.artmonium.com\/#website\",\"url\":\"https:\/\/www.artmonium.com\/\",\"name\":\"ArtMonium\",\"description\":\"Lunettes ArtMonium\",\"potentialAction\":[{\"@type\":\"SearchAction\",\"target\":\"https:\/\/www.artmonium.com\/?s={search_term_string}\",\"query-input\":\"required name=search_term_string\"}],\"inLanguage\":\"en-US\"},{\"@type\":\"WebPage\",\"@id\":\"https:\/\/www.artmonium.com\/en\/boutique\/sav-en\/artkentiel-292-col3-monture-complete\/#webpage\",\"url\":\"https:\/\/www.artmonium.com\/en\/boutique\/sav-en\/artkentiel-292-col3-monture-complete\/\",\"name\":\"ART'KENTIEL 292 COL3 Monture compl\\u00e8te - ArtMonium\",\"isPartOf\":{\"@id\":\"https:\/\/www.artmonium.com\/#website\"},\"datePublished\":\"2021-02-09T15:51:34+00:00\",\"dateModified\":\"2021-02-09T15:51:36+00:00\",\"description\":\"Artmonium est une soci\\u00e9t\\u00e9 reconnue depuis plus de trente ans dans la distribution de lunettes de cr\\u00e9ateurs et, depuis peu, de lunettes sous licence.\",\"breadcrumb\":{\"@id\":\"https:\/\/www.artmonium.com\/en\/boutique\/sav-en\/artkentiel-292-col3-monture-complete\/#breadcrumb\"},\"inLanguage\":\"en-US\",\"potentialAction\":[{\"@type\":\"ReadAction\",\"target\":[\"https:\/\/www.artmonium.com\/en\/boutique\/sav-en\/artkentiel-292-col3-monture-complete\/\"]}]},{\"@type\":\"BreadcrumbList\",\"@id\":\"https:\/\/www.artmonium.com\/en\/boutique\/sav-en\/artkentiel-292-col3-monture-complete\/#breadcrumb\",\"itemListElement\":[{\"@type\":\"ListItem\",\"position\":1,\"item\":{\"@type\":\"WebPage\",\"@id\":\"https:\/\/www.artmonium.com\/en\/shop\/\",\"url\":\"https:\/\/www.artmonium.com\/en\/shop\/\",\"name\":\"Shop\"}},{\"@type\":\"ListItem\",\"position\":2,\"item\":{\"@type\":\"WebPage\",\"@id\":\"https:\/\/www.artmonium.com\/en\/boutique\/sav-en\/artkentiel-292-col3-monture-complete\/\",\"url\":\"https:\/\/www.artmonium.com\/en\/boutique\/sav-en\/artkentiel-292-col3-monture-complete\/\",\"name\":\"ART&rsquo;KENTIEL 292 COL3 Monture compl\\u00e8te\"}}]}]}<\/script>\n<!-- \/ Yoast SEO plugin. -->","_links":{"self":[{"href":"https:\/\/www.artmonium.com\/en\/wp-json\/wp\/v2\/product\/7935"}],"collection":[{"href":"https:\/\/www.artmonium.com\/en\/wp-json\/wp\/v2\/product"}],"about":[{"href":"https:\/\/www.artmonium.com\/en\/wp-json\/wp\/v2\/types\/product"}],"wp:attachment":[{"href":"https:\/\/www.artmonium.com\/en\/wp-json\/wp\/v2\/media?parent=7935"}],"curies":[{"name":"wp","href":"https:\/\/api.w.org\/{rel}","templated":true}]}}